{"id":4895,"date":"2018-12-03T15:15:33","date_gmt":"2018-12-03T14:15:33","guid":{"rendered":"https:\/\/vinscolombo.fr\/contact\/"},"modified":"2020-04-19T08:59:52","modified_gmt":"2020-04-19T06:59:52","slug":"contact","status":"publish","type":"page","link":"https:\/\/vinscolombo.fr\/en\/contact\/","title":{"rendered":"Contact"},"content":{"rendered":"<p>[vc_row content_placement=&#8221;top&#8221; row_content_width=&#8221;grid&#8221; css=&#8221;.vc_custom_1587021685321{padding-top: 80px !important;padding-bottom: 90px !important;}&#8221;][vc_column]<div class=\"eltdf-elements-holder   eltdf-two-columns  eltdf-responsive-mode-1024 \" ><div class=\"eltdf-eh-item  eltdf-vertical-alignment-top  \" data-item-class=\"eltdf-eh-custom-8571\" data-1367-1600=\"0 117px 0 0\" data-1025-1366=\"0 114px 0px 0\" data-769-1024=\"0 0px 10px 0\" data-681-768=\"0 0px 10px 0\" data-680=\"0 0px 10px 0\">\n\t<div class=\"eltdf-eh-item-inner\">\n\t\t<div class=\"eltdf-eh-item-content eltdf-eh-custom-8571\" style=\"padding: 0 145px 0 0\">\n\t\t\t[vc_column_text]<\/p>\n<h6>Any question ?<\/h6>\n<p>[\/vc_column_text][vc_empty_space height=&#8221;8px&#8221;]<div class=\"eltdf-section-title-holder  eltdf-st-standard eltdf-st-title-left eltdf-st-normal-space \" >\n\t<div class=\"eltdf-st-inner\">\n\t\t\t\t\t<h3 class=\"eltdf-st-title\" >\n\t\t\t\tContact us\t\t\t<\/h3>\n\t\t\t\t\t<\/div>\n<\/div>[vc_empty_space height=&#8221;50px&#8221;]\n<div class=\"wpcf7 no-js\" id=\"wpcf7-f4445-o1\" lang=\"en-US\" dir=\"ltr\">\n<div class=\"screen-reader-response\"><p role=\"status\" aria-live=\"polite\" aria-atomic=\"true\"><\/p> <ul><\/ul><\/div>\n<form action=\"\/en\/wp-json\/wp\/v2\/pages\/4895#wpcf7-f4445-o1\" method=\"post\" class=\"wpcf7-form init cf7_custom_style_1\" aria-label=\"Contact form\" novalidate=\"novalidate\" data-status=\"init\">\n<div style=\"display: none;\">\n<input type=\"hidden\" name=\"_wpcf7\" value=\"4445\" \/>\n<input type=\"hidden\" name=\"_wpcf7_version\" value=\"5.9.8\" \/>\n<input type=\"hidden\" name=\"_wpcf7_locale\" value=\"en_US\" \/>\n<input type=\"hidden\" name=\"_wpcf7_unit_tag\" value=\"wpcf7-f4445-o1\" \/>\n<input type=\"hidden\" name=\"_wpcf7_container_post\" value=\"0\" \/>\n<input type=\"hidden\" name=\"_wpcf7_posted_data_hash\" value=\"\" \/>\n<input type=\"hidden\" name=\"_wpcf7_recaptcha_response\" value=\"\" \/>\n<\/div>\n<div class=\"eltdf-grid-row qodef-grid-normal-gutter\">\n\t<div class=\"eltdf-grid-col-12\">\n\t\t<p><span class=\"wpcf7-form-control-wrap\" data-name=\"nameEN\"><input size=\"40\" maxlength=\"400\" class=\"wpcf7-form-control wpcf7-text wpcf7-validates-as-required\" aria-required=\"true\" aria-invalid=\"false\" placeholder=\"Your Name\" value=\"\" type=\"text\" name=\"nameEN\" \/><\/span>\n\t\t<\/p>\n\t<\/div>\n\t<div class=\"eltdf-grid-col-12\">\n\t\t<p><span class=\"wpcf7-form-control-wrap\" data-name=\"emailEN\"><input size=\"40\" maxlength=\"400\" class=\"wpcf7-form-control wpcf7-email wpcf7-validates-as-required wpcf7-text wpcf7-validates-as-email\" aria-required=\"true\" aria-invalid=\"false\" placeholder=\"Your Email\" value=\"\" type=\"email\" name=\"emailEN\" \/><\/span>\n\t\t<\/p>\n\t<\/div>\n\t<div class=\"eltdf-grid-col-12\">\n\t\t<p><span class=\"wpcf7-form-control-wrap\" data-name=\"telEN\"><input size=\"40\" maxlength=\"400\" class=\"wpcf7-form-control wpcf7-text wpcf7-validates-as-required\" aria-required=\"true\" aria-invalid=\"false\" placeholder=\"Your Phone\" value=\"\" type=\"text\" name=\"telEN\" \/><\/span>\n\t\t<\/p>\n\t<\/div>\n\t<div class=\"eltdf-grid-col-12\">\n\t\t<p><span class=\"wpcf7-form-control-wrap\" data-name=\"messageEN\"><textarea cols=\"40\" rows=\"10\" maxlength=\"2000\" class=\"wpcf7-form-control wpcf7-textarea wpcf7-validates-as-required\" aria-required=\"true\" aria-invalid=\"false\" placeholder=\"Your Message\" name=\"messageEN\"><\/textarea><\/span>\n\t\t<\/p>\n\t<\/div>\n<\/div>\n<p style=\"font-size:13px; line-height:23px; margin-bottom:20px;\">Vins Jean-Luc Colombo traite les donn\u00e9es recueillies afin de r\u00e9pondre \u00e0 votre demande. Pour en savoir plus sur le traitement de vos donn\u00e9es et sur vos droits, veuillez consulter notre <a href=\"\/mentions-legales\">politique de confidentialit\u00e9<\/a>.\n<\/p>\n<p><button class=\"wpcf7-form-control wpcf7-submit eltdf-btn eltdf-btn-medium eltdf-btn-solid\" type=\"submit\"><span class=\"eltdf-btn-text\">Send<\/span><\/button>\n<\/p><div class=\"wpcf7-response-output\" aria-hidden=\"true\"><\/div>\n<\/form>\n<\/div>\n\t\t<\/div>\n\t<\/div>\n\t<div class=\"eltdf-eh-item-image\"   data-item-class=\"eltdf-eh-custom-8571\" data-1367-1600=\"0 117px 0 0\" data-1025-1366=\"0 114px 0px 0\" data-769-1024=\"0 0px 10px 0\" data-681-768=\"0 0px 10px 0\" data-680=\"0 0px 10px 0\"><\/div>\n<\/div><div class=\"eltdf-eh-item    \" data-item-class=\"eltdf-eh-custom-5578\" data-1367-1600=\"0px 0px\" data-1025-1366=\"0px 0px\" data-769-1024=\"60px 0px 0px\" data-681-768=\"60px 0px 0px\" data-680=\"60px 0px 0px\">\n\t<div class=\"eltdf-eh-item-inner\">\n\t\t<div class=\"eltdf-eh-item-content eltdf-eh-custom-5578\" style=\"padding: 31px 0px 0px\">\n\t\t\t[vc_raw_html]JTNDaWZyYW1lJTIwc3JjJTNEJTIyaHR0cHMlM0ElMkYlMkZzbmF6enltYXBzLmNvbSUyRmVtYmVkJTJGMTgyNDI0JTIyJTIwd2lkdGglM0QlMjIxMDAlMjUlMjIlMjBoZWlnaHQlM0QlMjI2MDBweCUyMiUyMHN0eWxlJTNEJTIyYm9yZGVyJTNBbm9uZSUzQiUyMiUzRSUzQyUyRmlmcmFtZSUzRQ==[\/vc_raw_html]\t\t<\/div>\n\t<\/div>\n\t<div class=\"eltdf-eh-item-image\"   data-item-class=\"eltdf-eh-custom-5578\" data-1367-1600=\"0px 0px\" data-1025-1366=\"0px 0px\" data-769-1024=\"60px 0px 0px\" data-681-768=\"60px 0px 0px\" data-680=\"60px 0px 0px\"><\/div>\n<\/div><\/div>[\/vc_column][\/vc_row]<\/p>\n","protected":false},"excerpt":{"rendered":"<p>[vc_row content_placement=&#8221;top&#8221; row_content_width=&#8221;grid&#8221; css=&#8221;.vc_custom_1587021685321{padding-top: 80px !important;padding-bottom: 90px !important;}&#8221;][vc_column][\/vc_column][\/vc_row]<\/p>\n","protected":false},"author":2,"featured_media":0,"parent":0,"menu_order":0,"comment_status":"closed","ping_status":"closed","template":"full-width.php","meta":{"footnotes":""},"aioseo_notices":[],"_links":{"self":[{"href":"https:\/\/vinscolombo.fr\/en\/wp-json\/wp\/v2\/pages\/4895"}],"collection":[{"href":"https:\/\/vinscolombo.fr\/en\/wp-json\/wp\/v2\/pages"}],"about":[{"href":"https:\/\/vinscolombo.fr\/en\/wp-json\/wp\/v2\/types\/page"}],"author":[{"embeddable":true,"href":"https:\/\/vinscolombo.fr\/en\/wp-json\/wp\/v2\/users\/2"}],"replies":[{"embeddable":true,"href":"https:\/\/vinscolombo.fr\/en\/wp-json\/wp\/v2\/comments?post=4895"}],"version-history":[{"count":0,"href":"https:\/\/vinscolombo.fr\/en\/wp-json\/wp\/v2\/pages\/4895\/revisions"}],"wp:attachment":[{"href":"https:\/\/vinscolombo.fr\/en\/wp-json\/wp\/v2\/media?parent=4895"}],"curies":[{"name":"wp","href":"https:\/\/api.w.org\/{rel}","templated":true}]}}