{"id":15662,"date":"2025-10-08T08:35:35","date_gmt":"2025-10-08T06:35:35","guid":{"rendered":"https:\/\/vinscolombo.fr\/?page_id=15662"},"modified":"2026-02-05T11:19:06","modified_gmt":"2026-02-05T10:19:06","slug":"boutique","status":"publish","type":"page","link":"https:\/\/vinscolombo.fr\/en\/boutique\/","title":{"rendered":"Boutique"},"content":{"rendered":"<p>[vc_row full_width=&#8221;stretch_row_content_no_spaces&#8221; css=&#8221;.vc_custom_1770278535019{padding-top: 30px !important;padding-bottom: 30px !important;background-color: #040a1f !important;}&#8221; simple_background_color=&#8221;#040a1f&#8221;][vc_column]<div class=\"eltdf-section-title-holder  eltdf-st-standard eltdf-st-title-left eltdf-st-normal-space eltdf-st-disable-title-break\" style=\"text-align: center\">\n\t<div class=\"eltdf-st-inner\">\n\t\t\t\t\t<h1 class=\"eltdf-st-title\" style=\"color: #ffffff\">\n\t\t\t\tBoutique\t\t\t<\/h1>\n\t\t\t\t\t<\/div>\n<\/div>[vc_empty_space height=&#8221;30px&#8221;][vc_column_text]<\/p>\n<p style=\"text-align: center; font-size: 19px; line-height: 29px; font-family: libre baskerville;\"><a style=\"color: #ffffff; border-bottom: 1px solid #cca06f;\" href=\"https:\/\/vinscolombo.fr\/en\/boutique\/#vins-rouges\">Vins rouges<\/a>\u00a0 \u00a0 <a style=\"color: #ffffff; border-bottom: 1px solid #cca06f;\" href=\"https:\/\/vinscolombo.fr\/en\/boutique\/#vins-blancs\">Vins blancs<\/a>\u00a0 \u00a0 <a style=\"color: #ffffff; border-bottom: 1px solid #cca06f;\" href=\"https:\/\/vinscolombo.fr\/en\/boutique\/#vins-roses\">Vins ros\u00e9s<\/a>\u00a0 \u00a0 <a style=\"color: #ffffff; border-bottom: 1px solid #cca06f;\" href=\"https:\/\/vinscolombo.fr\/en\/boutique\/#vins-biologiques\">Vins biologiques<\/a>\u00a0 \u00a0 <a style=\"color: #ffffff; border-bottom: 1px solid #cca06f;\" href=\"https:\/\/vinscolombo.fr\/en\/boutique\/#offres-speciales\">Offres sp\u00e9ciales<\/a><\/p>\n<p>[\/vc_column_text][vc_empty_space height=&#8221;30px&#8221;][\/vc_column][\/vc_row][vc_row row_content_width=&#8221;grid&#8221; css=&#8221;.vc_custom_1759931227775{padding-top: 70px !important;padding-bottom: 70px !important;}&#8221;][vc_column][vc_empty_space height=&#8221;30px&#8221;][vc_column_text]<\/p>\n<h6 style=\"text-align: center;\">Nos incontournables<\/h6>\n<p>[\/vc_column_text]<div class=\"eltdf-section-title-holder  eltdf-st-standard eltdf-st-title-left eltdf-st-normal-space eltdf-st-disable-title-break\" style=\"text-align: center\">\n\t<div class=\"eltdf-st-inner\">\n\t\t\t\t\t<h2 class=\"eltdf-st-title\" >\n\t\t\t\tSignature\t\t\t<\/h2>\n\t\t\t\t\t<\/div>\n<\/div>[vc_empty_space height=&#8221;70px&#8221;]<div class=\"eltdf-pl-holder eltdf-grid-list eltdf-disable-bottom-space eltdf-standard-layout eltdf-four-columns eltdf-large-space eltdf-info-below-image   eltdf-pl-animation-upwards\">\n\t<div class=\"eltdf-pl-outer eltdf-outer-space\">\n\t\t<div class=\"eltdf-pli-messsage\"><p>No products were found!<\/p><\/div>\t<\/div>\n<\/div>[\/vc_column][\/vc_row][vc_row row_content_width=&#8221;grid&#8221; css=&#8221;.vc_custom_1759937761240{padding-top: 30px !important;padding-bottom: 70px !important;}&#8221;][vc_column][vc_empty_space height=&#8221;30px&#8221;][vc_column_text]<\/p>\n<h6 style=\"text-align: center;\">Nos incontournables<\/h6>\n<p>[\/vc_column_text]<div class=\"eltdf-section-title-holder  eltdf-st-standard eltdf-st-title-left eltdf-st-normal-space eltdf-st-disable-title-break\" style=\"text-align: center\">\n\t<div class=\"eltdf-st-inner\">\n\t\t\t\t\t<h2 class=\"eltdf-st-title\" >\n\t\t\t\tPrestige\t\t\t<\/h2>\n\t\t\t\t\t<\/div>\n<\/div>[vc_empty_space height=&#8221;70px&#8221;]<div class=\"eltdf-pl-holder eltdf-grid-list eltdf-disable-bottom-space eltdf-standard-layout eltdf-four-columns eltdf-large-space eltdf-info-below-image   eltdf-pl-animation-upwards\">\n\t<div class=\"eltdf-pl-outer eltdf-outer-space\">\n\t\t<div class=\"eltdf-pli-messsage\"><p>No products were found!<\/p><\/div>\t<\/div>\n<\/div>[\/vc_column][\/vc_row][vc_row content_placement=&#8221;middle&#8221; disable_element=&#8221;yes&#8221; row_content_width=&#8221;grid&#8221; content_text_aligment=&#8221;center&#8221; css=&#8221;.vc_custom_1770220946067{padding-top: 45px !important;padding-bottom: 70px !important;background-color: #040a1f !important;}&#8221;][vc_column][vc_empty_space height=&#8221;30px&#8221;][vc_column_text]<\/p>\n<h6 style=\"text-align: center;\">Nouveaut\u00e9<\/h6>\n<p>[\/vc_column_text][vc_column_text]<\/p>\n<h3 style=\"text-align: center;\"><span style=\"color: #ffffff;\">Rejoignez le Colombo Wine Club<\/span><\/h3>\n<p style=\"text-align: center;\"><span style=\"color: #ffffff; font-size: 18px; line-height: 28px; font-family: libre baskerville;\">Cumulez jusqu\u2019\u00e0 25% d\u2019\u00e9conomie et b\u00e9n\u00e9ficiez d&#8217;avantages exclusifs.<br \/>\nLe principe ? Un seul r\u00e8glement annuel, vos vins Colombo disponibles<br \/>\ntoute l\u2019ann\u00e9e et livr\u00e9s directement chez vous.<br \/>\nPour le particulier et le professionnel.<\/span><\/p>\n<p>[\/vc_column_text][vc_empty_space height=&#8221;50px&#8221;]<a itemprop=\"url\" href=\"https:\/\/vinscolombo.fr\/colombo-wine-club\/\" target=\"_self\"  class=\"eltdf-btn eltdf-btn-medium eltdf-btn-solid\"  >\n    <span class=\"eltdf-btn-text\">D\u00e9couvrir nos pass<\/span>\n        <\/a>[\/vc_column][\/vc_row][vc_row row_content_width=&#8221;grid&#8221; css=&#8221;.vc_custom_1770279831697{padding-top: 40px !important;padding-bottom: 70px !important;}&#8221; anchor=&#8221;offres-speciales&#8221;][vc_column][vc_empty_space height=&#8221;30px&#8221;][vc_column_text]<\/p>\n<h6 style=\"text-align: center;\">En ce moment<\/h6>\n<p>[\/vc_column_text]<div class=\"eltdf-section-title-holder  eltdf-st-standard eltdf-st-title-left eltdf-st-normal-space eltdf-st-disable-title-break\" style=\"text-align: center\">\n\t<div class=\"eltdf-st-inner\">\n\t\t\t\t\t<h2 class=\"eltdf-st-title\" >\n\t\t\t\tOffre d\u00e9couverte\t\t\t<\/h2>\n\t\t\t\t\t<\/div>\n<\/div>[vc_empty_space height=&#8221;70px&#8221;]<div class=\"eltdf-pl-holder eltdf-grid-list eltdf-disable-bottom-space eltdf-standard-layout eltdf-three-columns eltdf-large-space eltdf-info-below-image   eltdf-pl-animation-upwards\">\n\t<div class=\"eltdf-pl-outer eltdf-outer-space\">\n\t\t<div class=\"eltdf-pli-messsage\"><p>No products were found!<\/p><\/div>\t<\/div>\n<\/div>[\/vc_column][\/vc_row][vc_row row_content_width=&#8221;grid&#8221; css=&#8221;.vc_custom_1770278844396{padding-top: 30px !important;padding-bottom: 70px !important;}&#8221; anchor=&#8221;vins-rouges&#8221;][vc_column][vc_empty_space height=&#8221;30px&#8221;][vc_column_text]<\/p>\n<h6 style=\"text-align: center;\">\u00c0 d\u00e9couvrir<\/h6>\n<p>[\/vc_column_text]<div class=\"eltdf-section-title-holder  eltdf-st-standard eltdf-st-title-left eltdf-st-normal-space eltdf-st-disable-title-break\" style=\"text-align: center\">\n\t<div class=\"eltdf-st-inner\">\n\t\t\t\t\t<h2 class=\"eltdf-st-title\" >\n\t\t\t\tVins rouges\t\t\t<\/h2>\n\t\t\t\t\t<\/div>\n<\/div>[vc_empty_space height=&#8221;50px&#8221;]<div class=\"eltdf-pl-holder eltdf-grid-list eltdf-disable-bottom-space eltdf-standard-layout eltdf-four-columns eltdf-large-space eltdf-info-below-image   eltdf-pl-animation-upwards\">\n\t<div class=\"eltdf-pl-outer eltdf-outer-space\">\n\t\t<div class=\"eltdf-pli-messsage\"><p>No products were found!<\/p><\/div>\t<\/div>\n<\/div>[\/vc_column][\/vc_row][vc_row row_content_width=&#8221;grid&#8221; css=&#8221;.vc_custom_1770278985283{padding-top: 30px !important;padding-bottom: 70px !important;}&#8221; anchor=&#8221;vins-blancs&#8221;][vc_column][vc_empty_space height=&#8221;30px&#8221;][vc_column_text]<\/p>\n<h6 style=\"text-align: center;\">\u00c0 d\u00e9couvrir<\/h6>\n<p>[\/vc_column_text]<div class=\"eltdf-section-title-holder  eltdf-st-standard eltdf-st-title-left eltdf-st-normal-space eltdf-st-disable-title-break\" style=\"text-align: center\">\n\t<div class=\"eltdf-st-inner\">\n\t\t\t\t\t<h2 class=\"eltdf-st-title\" >\n\t\t\t\tVins blancs\t\t\t<\/h2>\n\t\t\t\t\t<\/div>\n<\/div>[vc_empty_space height=&#8221;50px&#8221;]<div class=\"eltdf-pl-holder eltdf-grid-list eltdf-disable-bottom-space eltdf-standard-layout eltdf-four-columns eltdf-large-space eltdf-info-below-image   eltdf-pl-animation-upwards\">\n\t<div class=\"eltdf-pl-outer eltdf-outer-space\">\n\t\t<div class=\"eltdf-pli-messsage\"><p>No products were found!<\/p><\/div>\t<\/div>\n<\/div>[\/vc_column][\/vc_row][vc_row row_content_width=&#8221;grid&#8221; css=&#8221;.vc_custom_1770279001907{padding-top: 30px !important;padding-bottom: 70px !important;}&#8221; anchor=&#8221;vins-roses&#8221;][vc_column][vc_empty_space height=&#8221;30px&#8221;][vc_column_text]<\/p>\n<h6 style=\"text-align: center;\">\u00c0 d\u00e9couvrir<\/h6>\n<p>[\/vc_column_text]<div class=\"eltdf-section-title-holder  eltdf-st-standard eltdf-st-title-left eltdf-st-normal-space eltdf-st-disable-title-break\" style=\"text-align: center\">\n\t<div class=\"eltdf-st-inner\">\n\t\t\t\t\t<h2 class=\"eltdf-st-title\" >\n\t\t\t\tVins ros\u00e9s\t\t\t<\/h2>\n\t\t\t\t\t<\/div>\n<\/div>[vc_empty_space height=&#8221;50px&#8221;]<div class=\"eltdf-pl-holder eltdf-grid-list eltdf-disable-bottom-space eltdf-standard-layout eltdf-four-columns eltdf-large-space eltdf-info-below-image   eltdf-pl-animation-upwards\">\n\t<div class=\"eltdf-pl-outer eltdf-outer-space\">\n\t\t<div class=\"eltdf-pli-messsage\"><p>No products were found!<\/p><\/div>\t<\/div>\n<\/div>[\/vc_column][\/vc_row][vc_row row_content_width=&#8221;grid&#8221; css=&#8221;.vc_custom_1770279148754{padding-top: 30px !important;padding-bottom: 70px !important;}&#8221; anchor=&#8221;vins-biologiques&#8221;][vc_column][vc_empty_space height=&#8221;30px&#8221;][vc_column_text]<\/p>\n<h6 style=\"text-align: center;\">\u00c0 d\u00e9couvrir<\/h6>\n<p>[\/vc_column_text]<div class=\"eltdf-section-title-holder  eltdf-st-standard eltdf-st-title-left eltdf-st-normal-space eltdf-st-disable-title-break\" style=\"text-align: center\">\n\t<div class=\"eltdf-st-inner\">\n\t\t\t\t\t<h2 class=\"eltdf-st-title\" >\n\t\t\t\tVins biologiques\t\t\t<\/h2>\n\t\t\t\t\t<\/div>\n<\/div>[vc_empty_space height=&#8221;50px&#8221;]<div class=\"eltdf-pl-holder eltdf-grid-list eltdf-disable-bottom-space eltdf-standard-layout eltdf-four-columns eltdf-large-space eltdf-info-below-image   eltdf-pl-animation-upwards\">\n\t<div class=\"eltdf-pl-outer eltdf-outer-space\">\n\t\t<div class=\"eltdf-pli-messsage\"><p>No products were found!<\/p><\/div>\t<\/div>\n<\/div>[\/vc_column][\/vc_row][vc_row row_content_width=&#8221;grid&#8221; css=&#8221;.vc_custom_1759937844553{padding-top: 30px !important;padding-bottom: 70px !important;}&#8221;][vc_column][vc_empty_space height=&#8221;30px&#8221;][vc_column_text]<\/p>\n<h6 style=\"text-align: center;\">Pour offrir<\/h6>\n<p>[\/vc_column_text]<div class=\"eltdf-section-title-holder  eltdf-st-standard eltdf-st-title-left eltdf-st-normal-space eltdf-st-disable-title-break\" style=\"text-align: center\">\n\t<div class=\"eltdf-st-inner\">\n\t\t\t\t\t<h2 class=\"eltdf-st-title\" >\n\t\t\t\tFormats sp\u00e9ciaux\t\t\t<\/h2>\n\t\t\t\t\t<\/div>\n<\/div>[vc_empty_space height=&#8221;70px&#8221;]<div class=\"eltdf-pl-holder eltdf-grid-list eltdf-disable-bottom-space eltdf-standard-layout eltdf-four-columns eltdf-large-space eltdf-info-below-image   eltdf-pl-animation-upwards\">\n\t<div class=\"eltdf-pl-outer eltdf-outer-space\">\n\t\t<div class=\"eltdf-pli-messsage\"><p>No products were found!<\/p><\/div>\t<\/div>\n<\/div>[\/vc_column][\/vc_row]<\/p>\n","protected":false},"excerpt":{"rendered":"<p>[vc_row full_width=&#8221;stretch_row_content_no_spaces&#8221; css=&#8221;.vc_custom_1770278535019{padding-top: 30px !important;padding-bottom: 30px !important;background-color: #040a1f !important;}&#8221; simple_background_color=&#8221;#040a1f&#8221;][vc_column][vc_empty_space height=&#8221;30px&#8221;][vc_column_text] Vins rouges\u00a0 \u00a0 Vins blancs\u00a0 \u00a0 Vins ros\u00e9s\u00a0 \u00a0 [&hellip;]<\/p>\n","protected":false},"author":2,"featured_media":0,"parent":0,"menu_order":0,"comment_status":"closed","ping_status":"closed","template":"full-width.php","meta":{"footnotes":""},"aioseo_notices":[],"_links":{"self":[{"href":"https:\/\/vinscolombo.fr\/en\/wp-json\/wp\/v2\/pages\/15662"}],"collection":[{"href":"https:\/\/vinscolombo.fr\/en\/wp-json\/wp\/v2\/pages"}],"about":[{"href":"https:\/\/vinscolombo.fr\/en\/wp-json\/wp\/v2\/types\/page"}],"author":[{"embeddable":true,"href":"https:\/\/vinscolombo.fr\/en\/wp-json\/wp\/v2\/users\/2"}],"replies":[{"embeddable":true,"href":"https:\/\/vinscolombo.fr\/en\/wp-json\/wp\/v2\/comments?post=15662"}],"version-history":[{"count":13,"href":"https:\/\/vinscolombo.fr\/en\/wp-json\/wp\/v2\/pages\/15662\/revisions"}],"predecessor-version":[{"id":16248,"href":"https:\/\/vinscolombo.fr\/en\/wp-json\/wp\/v2\/pages\/15662\/revisions\/16248"}],"wp:attachment":[{"href":"https:\/\/vinscolombo.fr\/en\/wp-json\/wp\/v2\/media?parent=15662"}],"curies":[{"name":"wp","href":"https:\/\/api.w.org\/{rel}","templated":true}]}}